{"id":2607,"date":"2015-12-15T16:55:30","date_gmt":"2015-12-15T16:55:30","guid":{"rendered":"http:\/\/porvasal.es\/en\/politica-de-cookies\/"},"modified":"2016-02-17T11:01:16","modified_gmt":"2016-02-17T11:01:16","slug":"cookies-policy","status":"publish","type":"page","link":"http:\/\/porvasal.es\/en\/cookies-policy\/","title":{"rendered":"Cookies Policy"},"content":{"rendered":"<div class=\"entry-content\">\n<p>Este sitio web utiliza cookies para que tenga la mejor experiencia de usuario. Las cookies contienen peque\u00f1as cantidades de informaci\u00f3n, y son instaladas en su ordenador o en otro equipo por un servidor web. Una vez descargadas, su navegador env\u00eda estas cookies de nuevo al sitio web en cada visita posterior, de forma que \u00e9ste puede reconocerle y recordar datos como sus preferencias de usuario. Puedes encontrar m\u00e1s informaci\u00f3n sobre las cookies y su funcionamiento en http:\/\/www.aboutcookies.org\/.<br \/>\nLas cookies que utilizamos son tanto propias como de terceros, concretamente:<\/p>\n<p><strong>Cookies Propias<\/strong>:<br \/>\nSon cookies t\u00e9cnicas utilizadas para recordar la sesi\u00f3n de usuario. Concretamente:<\/p>\n<ul>\n<li>AUTH_KEY<\/li>\n<li>SECURE_AUTH_KEY<\/li>\n<li>LOGGED_IN_KEY<\/li>\n<li>NONCE_KEY<\/li>\n<\/ul>\n<p>Si se desactivan,\u00a0 algunos contenidos de la web\u00a0 es posible que no puedan ejecutarse correctamente. Se trata de cookies temporales cuya duraci\u00f3n por defecto es 48 horas o cierre del navegador.<\/p>\n<p>Por otro lado, para la selecci\u00f3n y recuerdo del idioma del visitante, se usan las siguientes cookies de personalizaci\u00f3n:<\/p>\n<ul>\n<li>ICL_CURRENT_LANGUAGE<\/li>\n<li>ICL_VISITOR_LANG_JS<\/li>\n<\/ul>\n<p>Son de cookies persistentes cuya duraci\u00f3n por defecto es de seis meses.<\/p>\n<p><strong>Cookies de Terceros:<br \/>\n<\/strong>Se utilizan cookies anal\u00edticas para el seguimiento y an\u00e1lisis estad\u00edstico del comportamiento de los usuarios y medici\u00f3n de la actividad del sitio Web, con el fin de introducir mejoras en funci\u00f3n del an\u00e1lisis de los datos de uso. Concretamente, Google Analytics usa las siguientes cookies en la p\u00e1gina:<\/p>\n<ul>\n<li>UTMA<\/li>\n<li>UTMC<\/li>\n<li>UTMZ<\/li>\n<li>GA<\/li>\n<li>GAT<\/li>\n<\/ul>\n<p>Se trata de cookies persistentes con una duraci\u00f3n de dos a\u00f1os.<\/p>\n<p>En caso de no querer recibir cookies, configure su navegador de Internet para que las borre, las bloquee o le avise en caso de instalaci\u00f3n de las mismas.<\/p>\n<\/div>\n","protected":false},"excerpt":{"rendered":"<p>Este sitio web utiliza cookies para que tenga la mejor experiencia de usuario. Las cookies contienen peque\u00f1as cantidades de informaci\u00f3n, y son instaladas en su ordenador o en otro equipo por un servidor web. Una vez descargadas, su navegador env\u00eda estas cookies de nuevo al sitio web en cada visita posterior, de forma que \u00e9ste &hellip; <a href=\"http:\/\/porvasal.es\/en\/cookies-policy\/\" class=\"more-link\">Continue reading <span class=\"screen-reader-text\">Cookies Policy<\/span> <span class=\"meta-nav\">&rarr;<\/span><\/a><\/p>\n","protected":false},"author":7,"featured_media":0,"parent":0,"menu_order":0,"comment_status":"closed","ping_status":"closed","template":"","meta":{"_acf_changed":false,"footnotes":""},"class_list":["post-2607","page","type-page","status-publish","hentry"],"acf":[],"yoast_head":"<!-- This site is optimized with the Yoast SEO plugin v27.4 - https:\/\/yoast.com\/product\/yoast-seo-wordpress\/ -->\n<title>Cookies Policy | Porvasal<\/title>\n<meta name=\"description\" content=\"Este sitio web utiliza cookies para que tenga la mejor experiencia de usuario. Las cookies contienen peque\u00f1as cantidades de informaci\u00f3n, y son instaladas\" \/>\n<meta name=\"robots\" content=\"index, follow, max-snippet:-1, max-image-preview:large, max-video-preview:-1\" \/>\n<link rel=\"canonical\" href=\"http:\/\/porvasal.es\/en\/cookies-policy\/\" \/>\n<meta property=\"og:locale\" content=\"en_US\" \/>\n<meta property=\"og:type\" content=\"article\" \/>\n<meta property=\"og:title\" content=\"Cookies Policy | Porvasal\" \/>\n<meta property=\"og:description\" content=\"Este sitio web utiliza cookies para que tenga la mejor experiencia de usuario. Las cookies contienen peque\u00f1as cantidades de informaci\u00f3n, y son instaladas\" \/>\n<meta property=\"og:url\" content=\"http:\/\/porvasal.es\/en\/cookies-policy\/\" \/>\n<meta property=\"og:site_name\" content=\"Porvasal\" \/>\n<meta property=\"article:modified_time\" content=\"2016-02-17T11:01:16+00:00\" \/>\n<meta name=\"twitter:card\" content=\"summary_large_image\" \/>\n<meta name=\"twitter:label1\" content=\"Est. reading time\" \/>\n\t<meta name=\"twitter:data1\" content=\"1 minute\" \/>\n<script type=\"application\/ld+json\" class=\"yoast-schema-graph\">{\"@context\":\"https:\\\/\\\/schema.org\",\"@graph\":[{\"@type\":\"WebPage\",\"@id\":\"http:\\\/\\\/porvasal.es\\\/en\\\/cookies-policy\\\/\",\"url\":\"http:\\\/\\\/porvasal.es\\\/en\\\/cookies-policy\\\/\",\"name\":\"Cookies Policy | Porvasal\",\"isPartOf\":{\"@id\":\"http:\\\/\\\/porvasal.es\\\/#website\"},\"datePublished\":\"2015-12-15T16:55:30+00:00\",\"dateModified\":\"2016-02-17T11:01:16+00:00\",\"description\":\"Este sitio web utiliza cookies para que tenga la mejor experiencia de usuario. Las cookies contienen peque\u00f1as cantidades de informaci\u00f3n, y son instaladas\",\"breadcrumb\":{\"@id\":\"http:\\\/\\\/porvasal.es\\\/en\\\/cookies-policy\\\/#breadcrumb\"},\"inLanguage\":\"en-US\",\"potentialAction\":[{\"@type\":\"ReadAction\",\"target\":[\"http:\\\/\\\/porvasal.es\\\/en\\\/cookies-policy\\\/\"]}]},{\"@type\":\"BreadcrumbList\",\"@id\":\"http:\\\/\\\/porvasal.es\\\/en\\\/cookies-policy\\\/#breadcrumb\",\"itemListElement\":[{\"@type\":\"ListItem\",\"position\":1,\"name\":\"Portada\",\"item\":\"https:\\\/\\\/porvasal.es\\\/en\\\/\"},{\"@type\":\"ListItem\",\"position\":2,\"name\":\"Cookies Policy\"}]},{\"@type\":\"WebSite\",\"@id\":\"http:\\\/\\\/porvasal.es\\\/#website\",\"url\":\"http:\\\/\\\/porvasal.es\\\/\",\"name\":\"Porvasal\",\"description\":\"El fabricante de vajillas made in Spain especialista en el arte de emplatar\",\"publisher\":{\"@id\":\"http:\\\/\\\/porvasal.es\\\/#organization\"},\"potentialAction\":[{\"@type\":\"SearchAction\",\"target\":{\"@type\":\"EntryPoint\",\"urlTemplate\":\"http:\\\/\\\/porvasal.es\\\/?s={search_term_string}\"},\"query-input\":{\"@type\":\"PropertyValueSpecification\",\"valueRequired\":true,\"valueName\":\"search_term_string\"}}],\"inLanguage\":\"en-US\"},{\"@type\":\"Organization\",\"@id\":\"http:\\\/\\\/porvasal.es\\\/#organization\",\"name\":\"Porvasal S.A.\",\"url\":\"http:\\\/\\\/porvasal.es\\\/\",\"logo\":{\"@type\":\"ImageObject\",\"inLanguage\":\"en-US\",\"@id\":\"http:\\\/\\\/porvasal.es\\\/#\\\/schema\\\/logo\\\/image\\\/\",\"url\":\"https:\\\/\\\/porvasal.es\\\/wp-content\\\/uploads\\\/2016\\\/03\\\/logo.png\",\"contentUrl\":\"https:\\\/\\\/porvasal.es\\\/wp-content\\\/uploads\\\/2016\\\/03\\\/logo.png\",\"width\":630,\"height\":350,\"caption\":\"Porvasal S.A.\"},\"image\":{\"@id\":\"http:\\\/\\\/porvasal.es\\\/#\\\/schema\\\/logo\\\/image\\\/\"}}]}<\/script>\n<!-- \/ Yoast SEO plugin. -->","yoast_head_json":{"title":"Cookies Policy | Porvasal","description":"Este sitio web utiliza cookies para que tenga la mejor experiencia de usuario. Las cookies contienen peque\u00f1as cantidades de informaci\u00f3n, y son instaladas","robots":{"index":"index","follow":"follow","max-snippet":"max-snippet:-1","max-image-preview":"max-image-preview:large","max-video-preview":"max-video-preview:-1"},"canonical":"http:\/\/porvasal.es\/en\/cookies-policy\/","og_locale":"en_US","og_type":"article","og_title":"Cookies Policy | Porvasal","og_description":"Este sitio web utiliza cookies para que tenga la mejor experiencia de usuario. Las cookies contienen peque\u00f1as cantidades de informaci\u00f3n, y son instaladas","og_url":"http:\/\/porvasal.es\/en\/cookies-policy\/","og_site_name":"Porvasal","article_modified_time":"2016-02-17T11:01:16+00:00","twitter_card":"summary_large_image","twitter_misc":{"Est. reading time":"1 minute"},"schema":{"@context":"https:\/\/schema.org","@graph":[{"@type":"WebPage","@id":"http:\/\/porvasal.es\/en\/cookies-policy\/","url":"http:\/\/porvasal.es\/en\/cookies-policy\/","name":"Cookies Policy | Porvasal","isPartOf":{"@id":"http:\/\/porvasal.es\/#website"},"datePublished":"2015-12-15T16:55:30+00:00","dateModified":"2016-02-17T11:01:16+00:00","description":"Este sitio web utiliza cookies para que tenga la mejor experiencia de usuario. Las cookies contienen peque\u00f1as cantidades de informaci\u00f3n, y son instaladas","breadcrumb":{"@id":"http:\/\/porvasal.es\/en\/cookies-policy\/#breadcrumb"},"inLanguage":"en-US","potentialAction":[{"@type":"ReadAction","target":["http:\/\/porvasal.es\/en\/cookies-policy\/"]}]},{"@type":"BreadcrumbList","@id":"http:\/\/porvasal.es\/en\/cookies-policy\/#breadcrumb","itemListElement":[{"@type":"ListItem","position":1,"name":"Portada","item":"https:\/\/porvasal.es\/en\/"},{"@type":"ListItem","position":2,"name":"Cookies Policy"}]},{"@type":"WebSite","@id":"http:\/\/porvasal.es\/#website","url":"http:\/\/porvasal.es\/","name":"Porvasal","description":"El fabricante de vajillas made in Spain especialista en el arte de emplatar","publisher":{"@id":"http:\/\/porvasal.es\/#organization"},"potentialAction":[{"@type":"SearchAction","target":{"@type":"EntryPoint","urlTemplate":"http:\/\/porvasal.es\/?s={search_term_string}"},"query-input":{"@type":"PropertyValueSpecification","valueRequired":true,"valueName":"search_term_string"}}],"inLanguage":"en-US"},{"@type":"Organization","@id":"http:\/\/porvasal.es\/#organization","name":"Porvasal S.A.","url":"http:\/\/porvasal.es\/","logo":{"@type":"ImageObject","inLanguage":"en-US","@id":"http:\/\/porvasal.es\/#\/schema\/logo\/image\/","url":"https:\/\/porvasal.es\/wp-content\/uploads\/2016\/03\/logo.png","contentUrl":"https:\/\/porvasal.es\/wp-content\/uploads\/2016\/03\/logo.png","width":630,"height":350,"caption":"Porvasal S.A."},"image":{"@id":"http:\/\/porvasal.es\/#\/schema\/logo\/image\/"}}]}},"_links":{"self":[{"href":"http:\/\/porvasal.es\/en\/wp-json\/wp\/v2\/pages\/2607","targetHints":{"allow":["GET"]}}],"collection":[{"href":"http:\/\/porvasal.es\/en\/wp-json\/wp\/v2\/pages"}],"about":[{"href":"http:\/\/porvasal.es\/en\/wp-json\/wp\/v2\/types\/page"}],"author":[{"embeddable":true,"href":"http:\/\/porvasal.es\/en\/wp-json\/wp\/v2\/users\/7"}],"replies":[{"embeddable":true,"href":"http:\/\/porvasal.es\/en\/wp-json\/wp\/v2\/comments?post=2607"}],"version-history":[{"count":0,"href":"http:\/\/porvasal.es\/en\/wp-json\/wp\/v2\/pages\/2607\/revisions"}],"wp:attachment":[{"href":"http:\/\/porvasal.es\/en\/wp-json\/wp\/v2\/media?parent=2607"}],"curies":[{"name":"wp","href":"https:\/\/api.w.org\/{rel}","templated":true}]}}