{"id":2614,"date":"2015-08-19T08:36:26","date_gmt":"2015-08-19T08:36:26","guid":{"rendered":"http:\/\/porvasal.es\/fr\/empresa\/"},"modified":"2018-05-17T08:21:57","modified_gmt":"2018-05-17T08:21:57","slug":"lentreprise","status":"publish","type":"page","link":"http:\/\/porvasal.es\/fr\/lentreprise\/","title":{"rendered":"L\u2019Entreprise"},"content":{"rendered":"","protected":false},"excerpt":{"rendered":"","protected":false},"author":7,"featured_media":0,"parent":0,"menu_order":0,"comment_status":"closed","ping_status":"closed","template":"","meta":{"_acf_changed":false,"footnotes":""},"class_list":["post-2614","page","type-page","status-publish","hentry"],"acf":[],"yoast_head":"<!-- This site is optimized with the Yoast SEO plugin v27.3 - https:\/\/yoast.com\/product\/yoast-seo-wordpress\/ -->\n<title>L\u2019Entreprise | Porvasal<\/title>\n<meta name=\"description\" content=\"Porvasal est le premier fabricant de vaisselle en porcelaine pour l&#039;industrie de l&#039;h\u00f4tellerie en Espagne et l&#039;un des plus importants \u00e0 l&#039;\u00e9chelle internationale .\" \/>\n<meta name=\"robots\" content=\"index, follow, max-snippet:-1, max-image-preview:large, max-video-preview:-1\" \/>\n<link rel=\"canonical\" href=\"https:\/\/porvasal.es\/fr\/lentreprise\/\" \/>\n<meta property=\"og:locale\" content=\"fr_FR\" \/>\n<meta property=\"og:type\" content=\"article\" \/>\n<meta property=\"og:title\" content=\"L\u2019Entreprise | Porvasal\" \/>\n<meta property=\"og:description\" content=\"Porvasal est le premier fabricant de vaisselle en porcelaine pour l&#039;industrie de l&#039;h\u00f4tellerie en Espagne et l&#039;un des plus importants \u00e0 l&#039;\u00e9chelle internationale .\" \/>\n<meta property=\"og:url\" content=\"https:\/\/porvasal.es\/fr\/lentreprise\/\" \/>\n<meta property=\"og:site_name\" content=\"Porvasal\" \/>\n<meta property=\"article:modified_time\" content=\"2018-05-17T08:21:57+00:00\" \/>\n<meta name=\"twitter:card\" content=\"summary_large_image\" \/>\n<script type=\"application\/ld+json\" class=\"yoast-schema-graph\">{\"@context\":\"https:\\\/\\\/schema.org\",\"@graph\":[{\"@type\":\"WebPage\",\"@id\":\"https:\\\/\\\/porvasal.es\\\/fr\\\/lentreprise\\\/\",\"url\":\"https:\\\/\\\/porvasal.es\\\/fr\\\/lentreprise\\\/\",\"name\":\"L\u2019Entreprise | Porvasal\",\"isPartOf\":{\"@id\":\"http:\\\/\\\/porvasal.es\\\/#website\"},\"datePublished\":\"2015-08-19T08:36:26+00:00\",\"dateModified\":\"2018-05-17T08:21:57+00:00\",\"description\":\"Porvasal est le premier fabricant de vaisselle en porcelaine pour l'industrie de l'h\u00f4tellerie en Espagne et l'un des plus importants \u00e0 l'\u00e9chelle internationale .\",\"breadcrumb\":{\"@id\":\"https:\\\/\\\/porvasal.es\\\/fr\\\/lentreprise\\\/#breadcrumb\"},\"inLanguage\":\"fr-FR\",\"potentialAction\":[{\"@type\":\"ReadAction\",\"target\":[\"https:\\\/\\\/porvasal.es\\\/fr\\\/lentreprise\\\/\"]}]},{\"@type\":\"BreadcrumbList\",\"@id\":\"https:\\\/\\\/porvasal.es\\\/fr\\\/lentreprise\\\/#breadcrumb\",\"itemListElement\":[{\"@type\":\"ListItem\",\"position\":1,\"name\":\"Portada\",\"item\":\"https:\\\/\\\/porvasal.es\\\/fr\\\/\"},{\"@type\":\"ListItem\",\"position\":2,\"name\":\"L\u2019Entreprise\"}]},{\"@type\":\"WebSite\",\"@id\":\"http:\\\/\\\/porvasal.es\\\/#website\",\"url\":\"http:\\\/\\\/porvasal.es\\\/\",\"name\":\"Porvasal\",\"description\":\"El fabricante de vajillas made in Spain especialista en el arte de emplatar\",\"publisher\":{\"@id\":\"http:\\\/\\\/porvasal.es\\\/#organization\"},\"potentialAction\":[{\"@type\":\"SearchAction\",\"target\":{\"@type\":\"EntryPoint\",\"urlTemplate\":\"http:\\\/\\\/porvasal.es\\\/?s={search_term_string}\"},\"query-input\":{\"@type\":\"PropertyValueSpecification\",\"valueRequired\":true,\"valueName\":\"search_term_string\"}}],\"inLanguage\":\"fr-FR\"},{\"@type\":\"Organization\",\"@id\":\"http:\\\/\\\/porvasal.es\\\/#organization\",\"name\":\"Porvasal S.A.\",\"url\":\"http:\\\/\\\/porvasal.es\\\/\",\"logo\":{\"@type\":\"ImageObject\",\"inLanguage\":\"fr-FR\",\"@id\":\"http:\\\/\\\/porvasal.es\\\/#\\\/schema\\\/logo\\\/image\\\/\",\"url\":\"https:\\\/\\\/porvasal.es\\\/wp-content\\\/uploads\\\/2016\\\/03\\\/logo.png\",\"contentUrl\":\"https:\\\/\\\/porvasal.es\\\/wp-content\\\/uploads\\\/2016\\\/03\\\/logo.png\",\"width\":630,\"height\":350,\"caption\":\"Porvasal S.A.\"},\"image\":{\"@id\":\"http:\\\/\\\/porvasal.es\\\/#\\\/schema\\\/logo\\\/image\\\/\"}}]}<\/script>\n<!-- \/ Yoast SEO plugin. -->","yoast_head_json":{"title":"L\u2019Entreprise | Porvasal","description":"Porvasal est le premier fabricant de vaisselle en porcelaine pour l'industrie de l'h\u00f4tellerie en Espagne et l'un des plus importants \u00e0 l'\u00e9chelle internationale .","robots":{"index":"index","follow":"follow","max-snippet":"max-snippet:-1","max-image-preview":"max-image-preview:large","max-video-preview":"max-video-preview:-1"},"canonical":"https:\/\/porvasal.es\/fr\/lentreprise\/","og_locale":"fr_FR","og_type":"article","og_title":"L\u2019Entreprise | Porvasal","og_description":"Porvasal est le premier fabricant de vaisselle en porcelaine pour l'industrie de l'h\u00f4tellerie en Espagne et l'un des plus importants \u00e0 l'\u00e9chelle internationale .","og_url":"https:\/\/porvasal.es\/fr\/lentreprise\/","og_site_name":"Porvasal","article_modified_time":"2018-05-17T08:21:57+00:00","twitter_card":"summary_large_image","schema":{"@context":"https:\/\/schema.org","@graph":[{"@type":"WebPage","@id":"https:\/\/porvasal.es\/fr\/lentreprise\/","url":"https:\/\/porvasal.es\/fr\/lentreprise\/","name":"L\u2019Entreprise | Porvasal","isPartOf":{"@id":"http:\/\/porvasal.es\/#website"},"datePublished":"2015-08-19T08:36:26+00:00","dateModified":"2018-05-17T08:21:57+00:00","description":"Porvasal est le premier fabricant de vaisselle en porcelaine pour l'industrie de l'h\u00f4tellerie en Espagne et l'un des plus importants \u00e0 l'\u00e9chelle internationale .","breadcrumb":{"@id":"https:\/\/porvasal.es\/fr\/lentreprise\/#breadcrumb"},"inLanguage":"fr-FR","potentialAction":[{"@type":"ReadAction","target":["https:\/\/porvasal.es\/fr\/lentreprise\/"]}]},{"@type":"BreadcrumbList","@id":"https:\/\/porvasal.es\/fr\/lentreprise\/#breadcrumb","itemListElement":[{"@type":"ListItem","position":1,"name":"Portada","item":"https:\/\/porvasal.es\/fr\/"},{"@type":"ListItem","position":2,"name":"L\u2019Entreprise"}]},{"@type":"WebSite","@id":"http:\/\/porvasal.es\/#website","url":"http:\/\/porvasal.es\/","name":"Porvasal","description":"El fabricante de vajillas made in Spain especialista en el arte de emplatar","publisher":{"@id":"http:\/\/porvasal.es\/#organization"},"potentialAction":[{"@type":"SearchAction","target":{"@type":"EntryPoint","urlTemplate":"http:\/\/porvasal.es\/?s={search_term_string}"},"query-input":{"@type":"PropertyValueSpecification","valueRequired":true,"valueName":"search_term_string"}}],"inLanguage":"fr-FR"},{"@type":"Organization","@id":"http:\/\/porvasal.es\/#organization","name":"Porvasal S.A.","url":"http:\/\/porvasal.es\/","logo":{"@type":"ImageObject","inLanguage":"fr-FR","@id":"http:\/\/porvasal.es\/#\/schema\/logo\/image\/","url":"https:\/\/porvasal.es\/wp-content\/uploads\/2016\/03\/logo.png","contentUrl":"https:\/\/porvasal.es\/wp-content\/uploads\/2016\/03\/logo.png","width":630,"height":350,"caption":"Porvasal S.A."},"image":{"@id":"http:\/\/porvasal.es\/#\/schema\/logo\/image\/"}}]}},"_links":{"self":[{"href":"http:\/\/porvasal.es\/fr\/wp-json\/wp\/v2\/pages\/2614","targetHints":{"allow":["GET"]}}],"collection":[{"href":"http:\/\/porvasal.es\/fr\/wp-json\/wp\/v2\/pages"}],"about":[{"href":"http:\/\/porvasal.es\/fr\/wp-json\/wp\/v2\/types\/page"}],"author":[{"embeddable":true,"href":"http:\/\/porvasal.es\/fr\/wp-json\/wp\/v2\/users\/7"}],"replies":[{"embeddable":true,"href":"http:\/\/porvasal.es\/fr\/wp-json\/wp\/v2\/comments?post=2614"}],"version-history":[{"count":0,"href":"http:\/\/porvasal.es\/fr\/wp-json\/wp\/v2\/pages\/2614\/revisions"}],"wp:attachment":[{"href":"http:\/\/porvasal.es\/fr\/wp-json\/wp\/v2\/media?parent=2614"}],"curies":[{"name":"wp","href":"https:\/\/api.w.org\/{rel}","templated":true}]}}