{"id":5424,"date":"2017-01-20T10:47:57","date_gmt":"2017-01-20T10:47:57","guid":{"rendered":"http:\/\/porvasal.es\/fr\/?page_id=5424"},"modified":"2017-01-20T10:47:57","modified_gmt":"2017-01-20T10:47:57","slug":"politique-de-confidentialite","status":"publish","type":"page","link":"http:\/\/porvasal.es\/fr\/politique-de-confidentialite\/","title":{"rendered":"Politique de confidentialit\u00e9"},"content":{"rendered":"<p>Conform\u00e9ment \u00e0 l\u2019article 5 de la loi organique 15 du 13 d\u00e9cembre 1999 concernant la protection des donn\u00e9es \u00e0 caract\u00e8re personnel, nous informons l\u2019utilisateur que ses donn\u00e9es seront int\u00e9gr\u00e9es dans un fichier dont PORVASAL SA est propri\u00e9taire et qui porte le num\u00e9ro d\u2019identification fiscal A46892196.<\/p>\n<p>Ce fichier de donn\u00e9es a pour objectif de r\u00e9pondre aux demandes de l\u2019utilisateur en permettant la gestion de sa relation avec l\u2019entreprise, par l\u2019envoi de communications commerciales et de correspondances personnelles, par t\u00e9l\u00e9phone, par courrier postal, par fax, par courrier \u00e9lectronique ou tout autre moyen de communication \u00e9lectronique \u00e9quivalent.<\/p>\n<p>L\u2019utilisateur accepte et consent au traitement automatique de ses donn\u00e9es de la part de PORVASAL SA qui en retour lui garantit que les donn\u00e9es recueillies ne seront ni vendues \u00e0 de tierces personnes ni utilis\u00e9es \u00e0 d\u2019autres fins commerciales que celles initialement pr\u00e9vues et que lorsque que chaque fois qu\u2019un transfert de donn\u00e9es \u00e0 caract\u00e8re personnel devra \u00eatre effectu\u00e9, le d\u00e9tenteur des donn\u00e9es sera pr\u00e9alablement sollicit\u00e9 de mani\u00e8re \u00e0 obtenir son consentement formellement exprim\u00e9, inform\u00e9 et indubitable.<\/p>\n<p>L\u2019utilisateur est l\u2019unique responsable de la v\u00e9racit\u00e9 et de la rectification des donn\u00e9es mentionn\u00e9es dans le fichier, PORVASAL SA d\u00e9cline toute responsabilit\u00e9 concernant ce sujet. Les utilisateurs garantissent et r\u00e9pondent dans tous les cas de l\u2019exactitude, de la validit\u00e9 et de l\u2019authenticit\u00e9 des donn\u00e9es personnelles communiqu\u00e9es et s\u2019engagent \u00e0 d\u00fbment les mettre \u00e0 jour. L\u2019utilisateur accepte de fournir une information compl\u00e8te et juste dans les formulaires de contact, d\u2019enregistrement ou de souscription.<\/p>\n<p>PORVASAL SA a mis en \u0153uvre tous les moyens techniques et d\u2019organisation pour garantir la s\u00e9curit\u00e9 et l\u2019int\u00e9grit\u00e9 des donn\u00e9es \u00e0 caract\u00e8re personnel trait\u00e9es, ainsi que pour \u00e9viter leurs pertes, alt\u00e9rations et\/ou leurs acc\u00e8s de la part d\u2019une tierce personne non autoris\u00e9e.<\/p>\n<p>PORVASAL SA se r\u00e9serve le droit de modifier sa politique de confidentialit\u00e9 en accord avec ses crit\u00e8res propres, ou des modifications motiv\u00e9es par un changement des r\u00e8gles l\u00e9gislatives ou jurisprudentielles de la part de l\u2019Autorit\u00e9 comp\u00e9tente en mati\u00e8re de Protection des Donn\u00e9es (<em>l\u2019\u00e9quivalent de la CNIL \u2013 Commission Nationale de l\u2019Informatique et des Libert\u00e9s &#8211; en Espagne<\/em>). Toute modification de la politique de confidentialit\u00e9 fera l\u2019objet d\u2019une parution avant son application effective. L\u2019utilisation de l\u2019internet ult\u00e9rieurement \u00e0 cette parution vaudra acceptation des changements apport\u00e9s \u00e0 la politique de confidentialit\u00e9.<\/p>\n<p>Il est possible d\u2019exercer votre droit d\u2019acc\u00e8s, de rectification, d\u2019annulation et d\u2019opposition concernant vos donn\u00e9es \u00e0 caract\u00e8re personnel, en nous sollicitant\u00a0:<\/p>\n<ul>\n<li>par \u00e9crit \u00e0 notre nouvelle adresse :<\/li>\n<\/ul>\n<p style=\"padding-left: 30px;\"><strong>PORVASAL SA<br \/>\n<\/strong><strong>A3 Salida 323, Poligono Industrial<br \/>\n<\/strong><strong>CP 46370 Chiva<br \/>\n<\/strong><strong>Valencia<br \/>\n<\/strong><strong>Espagne<\/strong><\/p>\n<ul>\n<li>ou bien par courrier \u00e9lectronique \u00e0 <strong><a href=\"mailto:info@porvasal.es\">info@porvasal.es<\/a><\/strong><\/li>\n<\/ul>\n<p>et en nous envoyant \u00e9galement le document attestant de votre identit\u00e9 (Carte d\u2019identit\u00e9 nationale ou Passeport).<\/p>\n","protected":false},"excerpt":{"rendered":"<p>Conform\u00e9ment \u00e0 l\u2019article 5 de la loi organique 15 du 13 d\u00e9cembre 1999 concernant la protection des donn\u00e9es \u00e0 caract\u00e8re personnel, nous informons l\u2019utilisateur que ses donn\u00e9es seront int\u00e9gr\u00e9es dans un fichier dont PORVASAL SA est propri\u00e9taire et qui porte le num\u00e9ro d\u2019identification fiscal A46892196. Ce fichier de donn\u00e9es a pour objectif de r\u00e9pondre aux &hellip; <a href=\"http:\/\/porvasal.es\/fr\/politique-de-confidentialite\/\" class=\"more-link\">Continue reading <span class=\"screen-reader-text\">Politique de confidentialit\u00e9<\/span> <span class=\"meta-nav\">&rarr;<\/span><\/a><\/p>\n","protected":false},"author":7,"featured_media":0,"parent":0,"menu_order":0,"comment_status":"closed","ping_status":"closed","template":"","meta":{"_acf_changed":false,"footnotes":""},"class_list":["post-5424","page","type-page","status-publish","hentry"],"acf":[],"yoast_head":"<!-- This site is optimized with the Yoast SEO plugin v27.4 - https:\/\/yoast.com\/product\/yoast-seo-wordpress\/ -->\n<title>Politique de confidentialit\u00e9 | Porvasal<\/title>\n<meta name=\"description\" content=\"Conform\u00e9ment \u00e0 l\u2019article 5 de la loi organique 15 du 13 d\u00e9cembre 1999 concernant la protection des donn\u00e9es \u00e0 caract\u00e8re personnel, nous informons\" \/>\n<meta name=\"robots\" content=\"index, follow, max-snippet:-1, max-image-preview:large, max-video-preview:-1\" \/>\n<link rel=\"canonical\" href=\"http:\/\/porvasal.es\/fr\/politique-de-confidentialite\/\" \/>\n<meta property=\"og:locale\" content=\"fr_FR\" \/>\n<meta property=\"og:type\" content=\"article\" \/>\n<meta property=\"og:title\" content=\"Politique de confidentialit\u00e9 | Porvasal\" \/>\n<meta property=\"og:description\" content=\"Conform\u00e9ment \u00e0 l\u2019article 5 de la loi organique 15 du 13 d\u00e9cembre 1999 concernant la protection des donn\u00e9es \u00e0 caract\u00e8re personnel, nous informons\" \/>\n<meta property=\"og:url\" content=\"http:\/\/porvasal.es\/fr\/politique-de-confidentialite\/\" \/>\n<meta property=\"og:site_name\" content=\"Porvasal\" \/>\n<meta name=\"twitter:card\" content=\"summary_large_image\" \/>\n<meta name=\"twitter:label1\" content=\"Dur\u00e9e de lecture estim\u00e9e\" \/>\n\t<meta name=\"twitter:data1\" content=\"3 minutes\" \/>\n<script type=\"application\/ld+json\" class=\"yoast-schema-graph\">{\"@context\":\"https:\\\/\\\/schema.org\",\"@graph\":[{\"@type\":\"WebPage\",\"@id\":\"http:\\\/\\\/porvasal.es\\\/fr\\\/politique-de-confidentialite\\\/\",\"url\":\"http:\\\/\\\/porvasal.es\\\/fr\\\/politique-de-confidentialite\\\/\",\"name\":\"Politique de confidentialit\u00e9 | Porvasal\",\"isPartOf\":{\"@id\":\"https:\\\/\\\/porvasal.es\\\/fr\\\/#website\"},\"datePublished\":\"2017-01-20T10:47:57+00:00\",\"description\":\"Conform\u00e9ment \u00e0 l\u2019article 5 de la loi organique 15 du 13 d\u00e9cembre 1999 concernant la protection des donn\u00e9es \u00e0 caract\u00e8re personnel, nous informons\",\"breadcrumb\":{\"@id\":\"http:\\\/\\\/porvasal.es\\\/fr\\\/politique-de-confidentialite\\\/#breadcrumb\"},\"inLanguage\":\"fr-FR\",\"potentialAction\":[{\"@type\":\"ReadAction\",\"target\":[\"http:\\\/\\\/porvasal.es\\\/fr\\\/politique-de-confidentialite\\\/\"]}]},{\"@type\":\"BreadcrumbList\",\"@id\":\"http:\\\/\\\/porvasal.es\\\/fr\\\/politique-de-confidentialite\\\/#breadcrumb\",\"itemListElement\":[{\"@type\":\"ListItem\",\"position\":1,\"name\":\"Portada\",\"item\":\"https:\\\/\\\/porvasal.es\\\/fr\\\/\"},{\"@type\":\"ListItem\",\"position\":2,\"name\":\"Politique de confidentialit\u00e9\"}]},{\"@type\":\"WebSite\",\"@id\":\"https:\\\/\\\/porvasal.es\\\/fr\\\/#website\",\"url\":\"https:\\\/\\\/porvasal.es\\\/fr\\\/\",\"name\":\"Porvasal\",\"description\":\"El fabricante de vajillas made in Spain especialista en el arte de emplatar\",\"publisher\":{\"@id\":\"https:\\\/\\\/porvasal.es\\\/fr\\\/#organization\"},\"potentialAction\":[{\"@type\":\"SearchAction\",\"target\":{\"@type\":\"EntryPoint\",\"urlTemplate\":\"https:\\\/\\\/porvasal.es\\\/fr\\\/?s={search_term_string}\"},\"query-input\":{\"@type\":\"PropertyValueSpecification\",\"valueRequired\":true,\"valueName\":\"search_term_string\"}}],\"inLanguage\":\"fr-FR\"},{\"@type\":\"Organization\",\"@id\":\"https:\\\/\\\/porvasal.es\\\/fr\\\/#organization\",\"name\":\"Porvasal S.A.\",\"url\":\"https:\\\/\\\/porvasal.es\\\/fr\\\/\",\"logo\":{\"@type\":\"ImageObject\",\"inLanguage\":\"fr-FR\",\"@id\":\"https:\\\/\\\/porvasal.es\\\/fr\\\/#\\\/schema\\\/logo\\\/image\\\/\",\"url\":\"https:\\\/\\\/porvasal.es\\\/wp-content\\\/uploads\\\/2016\\\/03\\\/logo.png\",\"contentUrl\":\"https:\\\/\\\/porvasal.es\\\/wp-content\\\/uploads\\\/2016\\\/03\\\/logo.png\",\"width\":630,\"height\":350,\"caption\":\"Porvasal S.A.\"},\"image\":{\"@id\":\"https:\\\/\\\/porvasal.es\\\/fr\\\/#\\\/schema\\\/logo\\\/image\\\/\"}}]}<\/script>\n<!-- \/ Yoast SEO plugin. -->","yoast_head_json":{"title":"Politique de confidentialit\u00e9 | Porvasal","description":"Conform\u00e9ment \u00e0 l\u2019article 5 de la loi organique 15 du 13 d\u00e9cembre 1999 concernant la protection des donn\u00e9es \u00e0 caract\u00e8re personnel, nous informons","robots":{"index":"index","follow":"follow","max-snippet":"max-snippet:-1","max-image-preview":"max-image-preview:large","max-video-preview":"max-video-preview:-1"},"canonical":"http:\/\/porvasal.es\/fr\/politique-de-confidentialite\/","og_locale":"fr_FR","og_type":"article","og_title":"Politique de confidentialit\u00e9 | Porvasal","og_description":"Conform\u00e9ment \u00e0 l\u2019article 5 de la loi organique 15 du 13 d\u00e9cembre 1999 concernant la protection des donn\u00e9es \u00e0 caract\u00e8re personnel, nous informons","og_url":"http:\/\/porvasal.es\/fr\/politique-de-confidentialite\/","og_site_name":"Porvasal","twitter_card":"summary_large_image","twitter_misc":{"Dur\u00e9e de lecture estim\u00e9e":"3 minutes"},"schema":{"@context":"https:\/\/schema.org","@graph":[{"@type":"WebPage","@id":"http:\/\/porvasal.es\/fr\/politique-de-confidentialite\/","url":"http:\/\/porvasal.es\/fr\/politique-de-confidentialite\/","name":"Politique de confidentialit\u00e9 | Porvasal","isPartOf":{"@id":"https:\/\/porvasal.es\/fr\/#website"},"datePublished":"2017-01-20T10:47:57+00:00","description":"Conform\u00e9ment \u00e0 l\u2019article 5 de la loi organique 15 du 13 d\u00e9cembre 1999 concernant la protection des donn\u00e9es \u00e0 caract\u00e8re personnel, nous informons","breadcrumb":{"@id":"http:\/\/porvasal.es\/fr\/politique-de-confidentialite\/#breadcrumb"},"inLanguage":"fr-FR","potentialAction":[{"@type":"ReadAction","target":["http:\/\/porvasal.es\/fr\/politique-de-confidentialite\/"]}]},{"@type":"BreadcrumbList","@id":"http:\/\/porvasal.es\/fr\/politique-de-confidentialite\/#breadcrumb","itemListElement":[{"@type":"ListItem","position":1,"name":"Portada","item":"https:\/\/porvasal.es\/fr\/"},{"@type":"ListItem","position":2,"name":"Politique de confidentialit\u00e9"}]},{"@type":"WebSite","@id":"https:\/\/porvasal.es\/fr\/#website","url":"https:\/\/porvasal.es\/fr\/","name":"Porvasal","description":"El fabricante de vajillas made in Spain especialista en el arte de emplatar","publisher":{"@id":"https:\/\/porvasal.es\/fr\/#organization"},"potentialAction":[{"@type":"SearchAction","target":{"@type":"EntryPoint","urlTemplate":"https:\/\/porvasal.es\/fr\/?s={search_term_string}"},"query-input":{"@type":"PropertyValueSpecification","valueRequired":true,"valueName":"search_term_string"}}],"inLanguage":"fr-FR"},{"@type":"Organization","@id":"https:\/\/porvasal.es\/fr\/#organization","name":"Porvasal S.A.","url":"https:\/\/porvasal.es\/fr\/","logo":{"@type":"ImageObject","inLanguage":"fr-FR","@id":"https:\/\/porvasal.es\/fr\/#\/schema\/logo\/image\/","url":"https:\/\/porvasal.es\/wp-content\/uploads\/2016\/03\/logo.png","contentUrl":"https:\/\/porvasal.es\/wp-content\/uploads\/2016\/03\/logo.png","width":630,"height":350,"caption":"Porvasal S.A."},"image":{"@id":"https:\/\/porvasal.es\/fr\/#\/schema\/logo\/image\/"}}]}},"_links":{"self":[{"href":"http:\/\/porvasal.es\/fr\/wp-json\/wp\/v2\/pages\/5424","targetHints":{"allow":["GET"]}}],"collection":[{"href":"http:\/\/porvasal.es\/fr\/wp-json\/wp\/v2\/pages"}],"about":[{"href":"http:\/\/porvasal.es\/fr\/wp-json\/wp\/v2\/types\/page"}],"author":[{"embeddable":true,"href":"http:\/\/porvasal.es\/fr\/wp-json\/wp\/v2\/users\/7"}],"replies":[{"embeddable":true,"href":"http:\/\/porvasal.es\/fr\/wp-json\/wp\/v2\/comments?post=5424"}],"version-history":[{"count":0,"href":"http:\/\/porvasal.es\/fr\/wp-json\/wp\/v2\/pages\/5424\/revisions"}],"wp:attachment":[{"href":"http:\/\/porvasal.es\/fr\/wp-json\/wp\/v2\/media?parent=5424"}],"curies":[{"name":"wp","href":"https:\/\/api.w.org\/{rel}","templated":true}]}}