{"id":2612,"date":"2015-10-02T11:34:55","date_gmt":"2015-10-02T11:34:55","guid":{"rendered":"http:\/\/porvasal.es\/fr\/contacto\/"},"modified":"2016-03-10T07:47:08","modified_gmt":"2016-03-10T07:47:08","slug":"contact","status":"publish","type":"page","link":"https:\/\/porvasal.es\/fr\/contact\/","title":{"rendered":"Contact"},"content":{"rendered":"<p>Nous sommes ravis de pouvoir vous aidez.<br \/>\nDites nous ce dont vous avez besoin et nous vous contacterons dans les plus brefs d\u00e9lais<\/p>\n\n<div class=\"wpcf7 no-js\" id=\"wpcf7-f191-o1\" lang=\"es-ES\" dir=\"ltr\" data-wpcf7-id=\"191\">\n<div class=\"screen-reader-response\"><p role=\"status\" aria-live=\"polite\" aria-atomic=\"true\"><\/p> <ul><\/ul><\/div>\n<form action=\"\/fr\/wp-json\/wp\/v2\/pages\/2612#wpcf7-f191-o1\" method=\"post\" class=\"wpcf7-form init\" aria-label=\"Formulario de contacto\" novalidate=\"novalidate\" data-status=\"init\">\n<fieldset class=\"hidden-fields-container\"><input type=\"hidden\" name=\"_wpcf7\" value=\"191\" \/><input type=\"hidden\" name=\"_wpcf7_version\" value=\"6.1.5\" \/><input type=\"hidden\" name=\"_wpcf7_locale\" value=\"es_ES\" \/><input type=\"hidden\" name=\"_wpcf7_unit_tag\" value=\"wpcf7-f191-o1\" \/><input type=\"hidden\" name=\"_wpcf7_container_post\" value=\"0\" \/><input type=\"hidden\" name=\"_wpcf7_posted_data_hash\" value=\"\" \/>\n<\/fieldset>\n<p>Prenom*:<br \/>\n<span class=\"wpcf7-form-control-wrap\" data-name=\"prenom\"><input size=\"40\" maxlength=\"400\" class=\"wpcf7-form-control wpcf7-text wpcf7-validates-as-required\" aria-required=\"true\" aria-invalid=\"false\" value=\"\" type=\"text\" name=\"prenom\" \/><\/span>\n<\/p>\n<p>Nom*:<br \/>\n<span class=\"wpcf7-form-control-wrap\" data-name=\"Nom\"><input size=\"40\" maxlength=\"400\" class=\"wpcf7-form-control wpcf7-text wpcf7-validates-as-required\" aria-required=\"true\" aria-invalid=\"false\" value=\"\" type=\"text\" name=\"Nom\" \/><\/span>\n<\/p>\n<p>Entreprise:<br \/>\n<span class=\"wpcf7-form-control-wrap\" data-name=\"entreprise\"><input size=\"40\" maxlength=\"400\" class=\"wpcf7-form-control wpcf7-text\" aria-invalid=\"false\" value=\"\" type=\"text\" name=\"entreprise\" \/><\/span>\n<\/p>\n<p>T\u00e9l\u00e9phone*:<br \/>\n<span class=\"wpcf7-form-control-wrap\" data-name=\"telephone\"><input size=\"40\" maxlength=\"400\" class=\"wpcf7-form-control wpcf7-text wpcf7-validates-as-required\" aria-required=\"true\" aria-invalid=\"false\" value=\"\" type=\"text\" name=\"telephone\" \/><\/span>\n<\/p>\n<p>Province*:<br \/>\n<span class=\"wpcf7-form-control-wrap\" data-name=\"province\"><input size=\"40\" maxlength=\"400\" class=\"wpcf7-form-control wpcf7-text wpcf7-validates-as-required\" aria-required=\"true\" aria-invalid=\"false\" value=\"\" type=\"text\" name=\"province\" \/><\/span>\n<\/p>\n<p>E-mail*:<br \/>\n<span class=\"wpcf7-form-control-wrap\" data-name=\"email\"><input size=\"40\" maxlength=\"400\" class=\"wpcf7-form-control wpcf7-email wpcf7-validates-as-required wpcf7-text wpcf7-validates-as-email\" aria-required=\"true\" aria-invalid=\"false\" value=\"\" type=\"email\" name=\"email\" \/><\/span>\n<\/p>\n<p>Subjet*:<br \/>\n<span class=\"wpcf7-form-control-wrap\" data-name=\"subjet\"><input size=\"40\" maxlength=\"400\" class=\"wpcf7-form-control wpcf7-text wpcf7-validates-as-required\" aria-required=\"true\" aria-invalid=\"false\" value=\"\" type=\"text\" name=\"subjet\" \/><\/span>\n<\/p>\n<p>Message:<br \/>\n<span class=\"wpcf7-form-control-wrap\" data-name=\"message\"><textarea cols=\"40\" rows=\"10\" maxlength=\"2000\" class=\"wpcf7-form-control wpcf7-textarea\" aria-invalid=\"false\" name=\"message\"><\/textarea><\/span>\n<\/p>\n<p class=\"check\"><span class=\"wpcf7-form-control-wrap\" data-name=\"acceptance-389\"><span class=\"wpcf7-form-control wpcf7-acceptance\"><span class=\"wpcf7-list-item\"><input type=\"checkbox\" name=\"acceptance-389\" value=\"1\" aria-invalid=\"false\" \/><\/span><\/span><\/span> J'ai lu et j'accepte la Politique d'information priv\u00e9e et <a href=\"http:\/\/porvasal.es\/fr\/politique-relative-aux-cookies\/\" target=\"_blank\" class=\"info\">Politique de cookies<br \/>\n<\/a>\n<\/p>\n<p class=\"check\"><span class=\"wpcf7-form-control-wrap\" data-name=\"checkbox-894\"><span class=\"wpcf7-form-control wpcf7-checkbox\"><span class=\"wpcf7-list-item first last\"><input type=\"checkbox\" name=\"checkbox-894[]\" value=\"J&#039;accepte de recevoir des communications commerciales \u00e9lectroniques\" \/><span class=\"wpcf7-list-item-label\">J&#039;accepte de recevoir des communications commerciales \u00e9lectroniques<\/span><\/span><\/span><\/span>\n<\/p>\n<p><input class=\"wpcf7-form-control wpcf7-submit has-spinner\" type=\"submit\" value=\"Envoyer\" \/>\n<\/p><div class=\"wpcf7-response-output\" aria-hidden=\"true\"><\/div>\n<\/form>\n<\/div>\n\n<p>A III, salida 323<br \/>\nApdo. 75 Chiva<br \/>\n46370 Val\u00e8ncia, Espa\u00f1a<\/p>\n<p>T\u00e9l\u00e9phone: +34 96 252 22 58<br \/>\nFax: + 34 96 252 23 83<\/p>\n","protected":false},"excerpt":{"rendered":"<p>Nous sommes ravis de pouvoir vous aidez. Dites nous ce dont vous avez besoin et nous vous contacterons dans les plus brefs d\u00e9lais A III, salida 323 Apdo. 75 Chiva 46370 Val\u00e8ncia, Espa\u00f1a T\u00e9l\u00e9phone: +34 96 252 22 58 Fax: + 34 96 252 23 83<\/p>\n","protected":false},"author":7,"featured_media":0,"parent":0,"menu_order":0,"comment_status":"closed","ping_status":"closed","template":"","meta":{"_acf_changed":false,"footnotes":""},"class_list":["post-2612","page","type-page","status-publish","hentry"],"acf":[],"yoast_head":"<!-- This site is optimized with the Yoast SEO plugin v27.4 - https:\/\/yoast.com\/product\/yoast-seo-wordpress\/ -->\n<title>Contact | Porvasal<\/title>\n<meta name=\"description\" content=\"Nous sommes ravis de pouvoir vous aidez.Dites nous ce dont vous avez besoin et nous vous contacterons dans les plus brefs d\u00e9lais.\" \/>\n<meta name=\"robots\" content=\"index, follow, max-snippet:-1, max-image-preview:large, max-video-preview:-1\" \/>\n<link rel=\"canonical\" href=\"https:\/\/porvasal.es\/fr\/contact\/\" \/>\n<meta property=\"og:locale\" content=\"fr_FR\" \/>\n<meta property=\"og:type\" content=\"article\" \/>\n<meta property=\"og:title\" content=\"Contact | Porvasal\" \/>\n<meta property=\"og:description\" content=\"Nous sommes ravis de pouvoir vous aidez.Dites nous ce dont vous avez besoin et nous vous contacterons dans les plus brefs d\u00e9lais.\" \/>\n<meta property=\"og:url\" content=\"https:\/\/porvasal.es\/fr\/contact\/\" \/>\n<meta property=\"og:site_name\" content=\"Porvasal\" \/>\n<meta property=\"article:modified_time\" content=\"2016-03-10T07:47:08+00:00\" \/>\n<meta name=\"twitter:card\" content=\"summary_large_image\" \/>\n<script type=\"application\/ld+json\" class=\"yoast-schema-graph\">{\"@context\":\"https:\\\/\\\/schema.org\",\"@graph\":[{\"@type\":\"WebPage\",\"@id\":\"https:\\\/\\\/porvasal.es\\\/fr\\\/contact\\\/\",\"url\":\"https:\\\/\\\/porvasal.es\\\/fr\\\/contact\\\/\",\"name\":\"Contact | Porvasal\",\"isPartOf\":{\"@id\":\"http:\\\/\\\/porvasal.es\\\/en\\\/#website\"},\"datePublished\":\"2015-10-02T11:34:55+00:00\",\"dateModified\":\"2016-03-10T07:47:08+00:00\",\"description\":\"Nous sommes ravis de pouvoir vous aidez.Dites nous ce dont vous avez besoin et nous vous contacterons dans les plus brefs d\u00e9lais.\",\"breadcrumb\":{\"@id\":\"https:\\\/\\\/porvasal.es\\\/fr\\\/contact\\\/#breadcrumb\"},\"inLanguage\":\"fr-FR\",\"potentialAction\":[{\"@type\":\"ReadAction\",\"target\":[\"https:\\\/\\\/porvasal.es\\\/fr\\\/contact\\\/\"]}]},{\"@type\":\"BreadcrumbList\",\"@id\":\"https:\\\/\\\/porvasal.es\\\/fr\\\/contact\\\/#breadcrumb\",\"itemListElement\":[{\"@type\":\"ListItem\",\"position\":1,\"name\":\"Portada\",\"item\":\"https:\\\/\\\/porvasal.es\\\/fr\\\/\"},{\"@type\":\"ListItem\",\"position\":2,\"name\":\"Contact\"}]},{\"@type\":\"WebSite\",\"@id\":\"http:\\\/\\\/porvasal.es\\\/en\\\/#website\",\"url\":\"http:\\\/\\\/porvasal.es\\\/en\\\/\",\"name\":\"Porvasal\",\"description\":\"El fabricante de vajillas made in Spain especialista en el arte de emplatar\",\"publisher\":{\"@id\":\"http:\\\/\\\/porvasal.es\\\/en\\\/#organization\"},\"potentialAction\":[{\"@type\":\"SearchAction\",\"target\":{\"@type\":\"EntryPoint\",\"urlTemplate\":\"http:\\\/\\\/porvasal.es\\\/en\\\/?s={search_term_string}\"},\"query-input\":{\"@type\":\"PropertyValueSpecification\",\"valueRequired\":true,\"valueName\":\"search_term_string\"}}],\"inLanguage\":\"fr-FR\"},{\"@type\":\"Organization\",\"@id\":\"http:\\\/\\\/porvasal.es\\\/en\\\/#organization\",\"name\":\"Porvasal S.A.\",\"url\":\"http:\\\/\\\/porvasal.es\\\/en\\\/\",\"logo\":{\"@type\":\"ImageObject\",\"inLanguage\":\"fr-FR\",\"@id\":\"http:\\\/\\\/porvasal.es\\\/en\\\/#\\\/schema\\\/logo\\\/image\\\/\",\"url\":\"https:\\\/\\\/porvasal.es\\\/wp-content\\\/uploads\\\/2016\\\/03\\\/logo.png\",\"contentUrl\":\"https:\\\/\\\/porvasal.es\\\/wp-content\\\/uploads\\\/2016\\\/03\\\/logo.png\",\"width\":630,\"height\":350,\"caption\":\"Porvasal S.A.\"},\"image\":{\"@id\":\"http:\\\/\\\/porvasal.es\\\/en\\\/#\\\/schema\\\/logo\\\/image\\\/\"}}]}<\/script>\n<!-- \/ Yoast SEO plugin. -->","yoast_head_json":{"title":"Contact | Porvasal","description":"Nous sommes ravis de pouvoir vous aidez.Dites nous ce dont vous avez besoin et nous vous contacterons dans les plus brefs d\u00e9lais.","robots":{"index":"index","follow":"follow","max-snippet":"max-snippet:-1","max-image-preview":"max-image-preview:large","max-video-preview":"max-video-preview:-1"},"canonical":"https:\/\/porvasal.es\/fr\/contact\/","og_locale":"fr_FR","og_type":"article","og_title":"Contact | Porvasal","og_description":"Nous sommes ravis de pouvoir vous aidez.Dites nous ce dont vous avez besoin et nous vous contacterons dans les plus brefs d\u00e9lais.","og_url":"https:\/\/porvasal.es\/fr\/contact\/","og_site_name":"Porvasal","article_modified_time":"2016-03-10T07:47:08+00:00","twitter_card":"summary_large_image","schema":{"@context":"https:\/\/schema.org","@graph":[{"@type":"WebPage","@id":"https:\/\/porvasal.es\/fr\/contact\/","url":"https:\/\/porvasal.es\/fr\/contact\/","name":"Contact | Porvasal","isPartOf":{"@id":"http:\/\/porvasal.es\/en\/#website"},"datePublished":"2015-10-02T11:34:55+00:00","dateModified":"2016-03-10T07:47:08+00:00","description":"Nous sommes ravis de pouvoir vous aidez.Dites nous ce dont vous avez besoin et nous vous contacterons dans les plus brefs d\u00e9lais.","breadcrumb":{"@id":"https:\/\/porvasal.es\/fr\/contact\/#breadcrumb"},"inLanguage":"fr-FR","potentialAction":[{"@type":"ReadAction","target":["https:\/\/porvasal.es\/fr\/contact\/"]}]},{"@type":"BreadcrumbList","@id":"https:\/\/porvasal.es\/fr\/contact\/#breadcrumb","itemListElement":[{"@type":"ListItem","position":1,"name":"Portada","item":"https:\/\/porvasal.es\/fr\/"},{"@type":"ListItem","position":2,"name":"Contact"}]},{"@type":"WebSite","@id":"http:\/\/porvasal.es\/en\/#website","url":"http:\/\/porvasal.es\/en\/","name":"Porvasal","description":"El fabricante de vajillas made in Spain especialista en el arte de emplatar","publisher":{"@id":"http:\/\/porvasal.es\/en\/#organization"},"potentialAction":[{"@type":"SearchAction","target":{"@type":"EntryPoint","urlTemplate":"http:\/\/porvasal.es\/en\/?s={search_term_string}"},"query-input":{"@type":"PropertyValueSpecification","valueRequired":true,"valueName":"search_term_string"}}],"inLanguage":"fr-FR"},{"@type":"Organization","@id":"http:\/\/porvasal.es\/en\/#organization","name":"Porvasal S.A.","url":"http:\/\/porvasal.es\/en\/","logo":{"@type":"ImageObject","inLanguage":"fr-FR","@id":"http:\/\/porvasal.es\/en\/#\/schema\/logo\/image\/","url":"https:\/\/porvasal.es\/wp-content\/uploads\/2016\/03\/logo.png","contentUrl":"https:\/\/porvasal.es\/wp-content\/uploads\/2016\/03\/logo.png","width":630,"height":350,"caption":"Porvasal S.A."},"image":{"@id":"http:\/\/porvasal.es\/en\/#\/schema\/logo\/image\/"}}]}},"_links":{"self":[{"href":"https:\/\/porvasal.es\/fr\/wp-json\/wp\/v2\/pages\/2612","targetHints":{"allow":["GET"]}}],"collection":[{"href":"https:\/\/porvasal.es\/fr\/wp-json\/wp\/v2\/pages"}],"about":[{"href":"https:\/\/porvasal.es\/fr\/wp-json\/wp\/v2\/types\/page"}],"author":[{"embeddable":true,"href":"https:\/\/porvasal.es\/fr\/wp-json\/wp\/v2\/users\/7"}],"replies":[{"embeddable":true,"href":"https:\/\/porvasal.es\/fr\/wp-json\/wp\/v2\/comments?post=2612"}],"version-history":[{"count":0,"href":"https:\/\/porvasal.es\/fr\/wp-json\/wp\/v2\/pages\/2612\/revisions"}],"wp:attachment":[{"href":"https:\/\/porvasal.es\/fr\/wp-json\/wp\/v2\/media?parent=2612"}],"curies":[{"name":"wp","href":"https:\/\/api.w.org\/{rel}","templated":true}]}}